{"id":20645,"date":"2021-11-02T15:42:12","date_gmt":"2021-11-02T15:42:12","guid":{"rendered":"https:\/\/keenitsolutions.com\/products\/wordpress\/braintech\/?page_id=20645"},"modified":"2024-09-05T00:11:22","modified_gmt":"2024-09-05T00:11:22","slug":"jezik-2","status":"publish","type":"page","link":"https:\/\/fbihszp.its.ba\/bs\/","title":{"rendered":"Izbor jezika"},"content":{"rendered":"\t\t<div data-elementor-type=\"wp-page\" data-elementor-id=\"20645\" class=\"elementor elementor-20645\" data-elementor-post-type=\"page\">\n\t\t\t\t<div class=\"elementor-element elementor-element-fde9a9e e-flex e-con-boxed e-con e-parent\" data-id=\"fde9a9e\" data-element_type=\"container\" data-settings=\"{&quot;background_background&quot;:&quot;classic&quot;}\">\n\t\t\t\t\t<div class=\"e-con-inner\">\n\t\t\t\t\t<\/div>\n\t\t\t\t<\/div>\n\t\t<div class=\"elementor-element elementor-element-d33525c e-flex e-con-boxed e-con e-parent\" data-id=\"d33525c\" data-element_type=\"container\" data-settings=\"{&quot;background_background&quot;:&quot;classic&quot;}\">\n\t\t\t\t\t<div class=\"e-con-inner\">\n\t\t\t\t<div class=\"elementor-element elementor-element-daa5495 elementor-widget__width-inherit elementor-widget elementor-widget-rs-heading\" data-id=\"daa5495\" data-element_type=\"widget\" data-widget_type=\"rs-heading.default\">\n\t\t\t\t<div class=\"elementor-widget-container\">\n\t\t\t        <div class=\"rs-heading style9 center \">\r\n        \t<div class=\"title-inner\">        \t\t      \t\t\r\n\t            <div class=\"title-img top no_animation\"> <img decoding=\"async\" src=\"https:\/\/fbihszp.its.ba\/wp-content\/uploads\/2024\/06\/grb-bih-big.png\" \/><\/div><span class=\"sub-text \">Bosna i Hercegovina <\/br> Federacije Bosne i Hercegovine<\/span><h5 class=\"title\"><span class=\"watermark\"><\/span>Slu\u017eba za zajedni\u010dke poslove organe i tjela<\/h5>\t\t\t\t\t        <\/div>\r\n\t                <\/div>\r\n\r\n        \t\t<\/div>\n\t\t\t\t<\/div>\n\t\t\t\t<div class=\"elementor-element elementor-element-f6a4937 elementor-nav-menu__align-center elementor-nav-menu--dropdown-none elementor-widget elementor-widget-nav-menu\" data-id=\"f6a4937\" data-element_type=\"widget\" data-settings=\"{&quot;toggle_icon_hover_animation&quot;:&quot;wobble-horizontal&quot;,&quot;_animation_tablet&quot;:&quot;flash&quot;,&quot;layout&quot;:&quot;horizontal&quot;,&quot;submenu_icon&quot;:{&quot;value&quot;:&quot;&lt;svg class=\\&quot;e-font-icon-svg e-fas-caret-down\\&quot; viewBox=\\&quot;0 0 320 512\\&quot; xmlns=\\&quot;http:\\\/\\\/www.w3.org\\\/2000\\\/svg\\&quot;&gt;&lt;path d=\\&quot;M31.3 192h257.3c17.8 0 26.7 21.5 14.1 34.1L174.1 354.8c-7.8 7.8-20.5 7.8-28.3 0L17.2 226.1C4.6 213.5 13.5 192 31.3 192z\\&quot;&gt;&lt;\\\/path&gt;&lt;\\\/svg&gt;&quot;,&quot;library&quot;:&quot;fa-solid&quot;}}\" data-widget_type=\"nav-menu.default\">\n\t\t\t\t<div class=\"elementor-widget-container\">\n\t\t\t<link rel=\"stylesheet\" href=\"https:\/\/fbihszp.its.ba\/wp-content\/plugins\/elementor-pro\/assets\/css\/widget-nav-menu.min.css\">\t\t\t<nav class=\"elementor-nav-menu--main elementor-nav-menu__container elementor-nav-menu--layout-horizontal e--pointer-background e--animation-shutter-in-horizontal\">\n\t\t\t\t<ul id=\"menu-1-f6a4937\" class=\"elementor-nav-menu\"><li class=\"menu-item menu-item-type-custom menu-item-object-custom menu-item-26712\"><a href=\"https:\/\/fbihszp.its.ba\/bs\/naslovna\/\" class=\"elementor-item\">Bosanski<\/a><\/li>\n<li class=\"menu-item menu-item-type-custom menu-item-object-custom menu-item-26713\"><a href=\"https:\/\/fbihszp.its.ba\/hr\/naslovna\/\" class=\"elementor-item\">Hrvatski<\/a><\/li>\n<li class=\"menu-item menu-item-type-custom menu-item-object-custom menu-item-26714\"><a href=\"https:\/\/fbihszp.its.ba\/sr\/naslovna\/\" class=\"elementor-item\">Srpski<\/a><\/li>\n<li class=\"menu-item menu-item-type-custom menu-item-object-custom menu-item-26715\"><a href=\"https:\/\/fbihszp.its.ba\/en\/naslovna\/\" class=\"elementor-item\">English<\/a><\/li>\n<\/ul>\t\t\t<\/nav>\n\t\t\t\t\t\t<nav class=\"elementor-nav-menu--dropdown elementor-nav-menu__container\" aria-hidden=\"true\">\n\t\t\t\t<ul id=\"menu-2-f6a4937\" class=\"elementor-nav-menu\"><li class=\"menu-item menu-item-type-custom menu-item-object-custom menu-item-26712\"><a href=\"https:\/\/fbihszp.its.ba\/bs\/naslovna\/\" class=\"elementor-item\" tabindex=\"-1\">Bosanski<\/a><\/li>\n<li class=\"menu-item menu-item-type-custom menu-item-object-custom menu-item-26713\"><a href=\"https:\/\/fbihszp.its.ba\/hr\/naslovna\/\" class=\"elementor-item\" tabindex=\"-1\">Hrvatski<\/a><\/li>\n<li class=\"menu-item menu-item-type-custom menu-item-object-custom menu-item-26714\"><a href=\"https:\/\/fbihszp.its.ba\/sr\/naslovna\/\" class=\"elementor-item\" tabindex=\"-1\">Srpski<\/a><\/li>\n<li class=\"menu-item menu-item-type-custom menu-item-object-custom menu-item-26715\"><a href=\"https:\/\/fbihszp.its.ba\/en\/naslovna\/\" class=\"elementor-item\" tabindex=\"-1\">English<\/a><\/li>\n<\/ul>\t\t\t<\/nav>\n\t\t\t\t<\/div>\n\t\t\t\t<\/div>\n\t\t\t\t\t<\/div>\n\t\t\t\t<\/div>\n\t\t<div class=\"elementor-element elementor-element-c47dd81 e-flex e-con-boxed e-con e-parent\" data-id=\"c47dd81\" data-element_type=\"container\">\n\t\t\t\t\t<div class=\"e-con-inner\">\n\t\t\t\t<div class=\"elementor-element elementor-element-986afd4 elementor-widget elementor-widget-image\" data-id=\"986afd4\" data-element_type=\"widget\" data-widget_type=\"image.default\">\n\t\t\t\t<div class=\"elementor-widget-container\">\n\t\t\t<style>\/*! elementor - v3.21.0 - 18-04-2024 *\/\n.elementor-widget-image{text-align:center}.elementor-widget-image a{display:inline-block}.elementor-widget-image a img[src$=\".svg\"]{width:48px}.elementor-widget-image img{vertical-align:middle;display:inline-block}<\/style>\t\t\t\t\t\t\t\t\t\t<img decoding=\"async\" src=\"https:\/\/fbihszp.its.ba\/wp-content\/uploads\/elementor\/thumbs\/res-icon-qtmtlh7uw735flj4uod2gvm365tqbymu7r8yfdfcdk.png\" title=\"res-icon\" alt=\"res-icon\" loading=\"lazy\" \/>\t\t\t\t\t\t\t\t\t\t\t\t\t<\/div>\n\t\t\t\t<\/div>\n\t\t\t\t<div class=\"elementor-element elementor-element-041e543 elementor-widget elementor-widget-text-editor\" data-id=\"041e543\" data-element_type=\"widget\" data-widget_type=\"text-editor.default\">\n\t\t\t\t<div class=\"elementor-widget-container\">\n\t\t\t<style>\/*! elementor - v3.21.0 - 18-04-2024 *\/\n.elementor-widget-text-editor.elementor-drop-cap-view-stacked .elementor-drop-cap{background-color:#69727d;color:#fff}.elementor-widget-text-editor.elementor-drop-cap-view-framed .elementor-drop-cap{color:#69727d;border:3px solid;background-color:transparent}.elementor-widget-text-editor:not(.elementor-drop-cap-view-default) .elementor-drop-cap{margin-top:8px}.elementor-widget-text-editor:not(.elementor-drop-cap-view-default) .elementor-drop-cap-letter{width:1em;height:1em}.elementor-widget-text-editor .elementor-drop-cap{float:left;text-align:center;line-height:1;font-size:50px}.elementor-widget-text-editor .elementor-drop-cap-letter{display:inline-block}<\/style>\t\t\t\t<p style=\"text-align: center;\">SADR\u017dAJ DOSTUPAN NA SVIM URE\u0110AJIMA<\/p>\t\t\t\t\t\t<\/div>\n\t\t\t\t<\/div>\n\t\t\t\t\t<\/div>\n\t\t\t\t<\/div>\n\t\t\t\t<\/div>\n\t\t","protected":false},"excerpt":{"rendered":"<p>Bosna i Hercegovina Federacije Bosne i Hercegovine Slu\u017eba za zajedni\u010dke poslove organe i tjela SADR\u017dAJ DOSTUPAN NA SVIM URE\u0110AJIMA<\/p>\n","protected":false},"author":1,"featured_media":0,"parent":0,"menu_order":0,"comment_status":"closed","ping_status":"closed","template":"elementor_canvas","meta":{"footnotes":""},"class_list":["post-20645","page","type-page","status-publish","format-standard","hentry"],"_links":{"self":[{"href":"https:\/\/fbihszp.its.ba\/bs\/wp-json\/wp\/v2\/pages\/20645","targetHints":{"allow":["GET"]}}],"collection":[{"href":"https:\/\/fbihszp.its.ba\/bs\/wp-json\/wp\/v2\/pages"}],"about":[{"href":"https:\/\/fbihszp.its.ba\/bs\/wp-json\/wp\/v2\/types\/page"}],"author":[{"embeddable":true,"href":"https:\/\/fbihszp.its.ba\/bs\/wp-json\/wp\/v2\/users\/1"}],"replies":[{"embeddable":true,"href":"https:\/\/fbihszp.its.ba\/bs\/wp-json\/wp\/v2\/comments?post=20645"}],"version-history":[{"count":165,"href":"https:\/\/fbihszp.its.ba\/bs\/wp-json\/wp\/v2\/pages\/20645\/revisions"}],"predecessor-version":[{"id":26899,"href":"https:\/\/fbihszp.its.ba\/bs\/wp-json\/wp\/v2\/pages\/20645\/revisions\/26899"}],"wp:attachment":[{"href":"https:\/\/fbihszp.its.ba\/bs\/wp-json\/wp\/v2\/media?parent=20645"}],"curies":[{"name":"wp","href":"https:\/\/api.w.org\/{rel}","templated":true}]}}