{"id":2,"date":"2024-04-18T18:43:00","date_gmt":"2024-04-18T18:43:00","guid":{"rendered":"https:\/\/fbihszp.its.ba\/?page_id=2"},"modified":"2024-05-12T22:42:39","modified_gmt":"2024-05-12T22:42:39","slug":"dokumenti","status":"publish","type":"page","link":"https:\/\/fbihszp.its.ba\/en\/dokumenti","title":{"rendered":"Documents"},"content":{"rendered":"<div data-elementor-type=\"wp-page\" data-elementor-id=\"2\" class=\"elementor elementor-2\" data-elementor-post-type=\"page\">\n\t\t\t\t<div class=\"elementor-element elementor-element-4102462 e-flex e-con-boxed e-con e-parent\" data-id=\"4102462\" data-element_type=\"container\">\n\t\t\t\t\t<div class=\"e-con-inner\">\n\t\t\t\t<div class=\"elementor-element elementor-element-bd50d12 elementor-widget elementor-widget-rs-heading\" data-id=\"bd50d12\" data-element_type=\"widget\" data-widget_type=\"rs-heading.default\">\n\t\t\t\t<div class=\"elementor-widget-container\">\n\t\t\t        <div class=\"rs-heading style16\">\r\n        \t<div class=\"title-inner\">        \t\t      \t\t\r\n\t            <span class=\"sub-text\">SLU\u017dBA ZA ZAJEDNI\u010cKE POSLOVE ORGANA I TIJELA<\/span><h2 class=\"title\"><span class=\"watermark\"><\/span>OSNOVNI DOKUMENTI KOJI REGULIRAJU RAD<\/h2>\t\t\t\t\t        <\/div>\r\n\t                <\/div>\r\n\r\n        \t\t<\/div>\n\t\t\t\t<\/div>\n\t\t\t\t<div class=\"elementor-element elementor-element-499e8c3 elementor-widget elementor-widget-text-editor\" data-id=\"499e8c3\" data-element_type=\"widget\" data-widget_type=\"text-editor.default\">\n\t\t\t\t<div class=\"elementor-widget-container\">\n\t\t\t<style>\/*! elementor - v3.21.0 - 18-04-2024 *\/\n.elementor-widget-text-editor.elementor-drop-cap-view-stacked .elementor-drop-cap{background-color:#69727d;color:#fff}.elementor-widget-text-editor.elementor-drop-cap-view-framed .elementor-drop-cap{color:#69727d;border:3px solid;background-color:transparent}.elementor-widget-text-editor:not(.elementor-drop-cap-view-default) .elementor-drop-cap{margin-top:8px}.elementor-widget-text-editor:not(.elementor-drop-cap-view-default) .elementor-drop-cap-letter{width:1em;height:1em}.elementor-widget-text-editor .elementor-drop-cap{float:left;text-align:center;line-height:1;font-size:50px}.elementor-widget-text-editor .elementor-drop-cap-letter{display:inline-block}<\/style>\t\t\t\t<p><!-- The Grid Plugin Version 2.7.9.5 --><!-- The Grid Debug Mode Enabled - Execution Time: 0.01514s for 6 items --><!-- The Grid Cache Enabled - Date: 04\/26\/26, 09:26:36 PM --><!-- The Grid Wrapper Start --><div class=\"tg-grid-wrapper male-grid tg-grid-loading tg-nav-bg-round full-height\" id=\"grid-23094\" data-version=\"2.7.9.5\"><!-- The Grid Styles --><style class=\"tg-grid-styles\" type=\"text\/css\">#grid-23094{margin-left:10px;margin-right:10px}#grid-23094 .tg-nav-color:not(.dots):hover,#grid-23094 .tg-nav-color:hover .tg-nav-color,#grid-23094 .tg-filter-active span,#grid-23094 .tg-page-number.tg-page-current{color:#ffffff}#grid-23094 .tg-filter:not(.tg-dropdown-item),#grid-23094 .tg-search-holder,#grid-23094 .tg-dropdown-holder,#grid-23094 .tg-sorter-order,#grid-23094 .tg-left-arrow,#grid-23094 .tg-right-arrow,#grid-23094 .tg-search-holder,#grid-23094 .tg-page-number:not(.dots),#grid-23094 .tg-pagination-prev,#grid-23094 .tg-pagination-next,#grid-23094 .tg-ajax-button{background:rgba(0,0,0,0.04);border-radius:3px}#grid-23094 .tg-filter:not(.tg-dropdown-item):hover,#grid-23094 .tg-filter.tg-filter-active,#grid-23094 .tg-sorter-order:hover,#grid-23094 .tg-left-arrow:not(.tg-disabled):hover,#grid-23094 .tg-right-arrow:not(.tg-disabled):hover,#grid-23094 .tg-page-number.tg-page-current,#grid-23094 .tg-page-number:not(.dots):hover,#grid-23094 .tg-pagination-prev:hover,#grid-23094 .tg-pagination-next:hover,#grid-23094 .tg-ajax-button:hover{background:#1e73be}.tg-nav-bg-round input[type=text].tg-search{height:34px}.tg-nav-bg-round .tg-nav-font,.tg-nav-bg-round input[type=text].tg-search{font-size:13px;line-height:34px}.tg-nav-bg-round .tg-search::-webkit-input-placeholder{font-size:13px;line-height:34px}.tg-nav-bg-round .tg-search::-moz-placeholder{font-size:13px;line-height:34px}.tg-nav-bg-round .tg-search:-ms-input-placeholder{font-size:13px;line-height:34px}.tg-nav-bg-round .tg-page-number.dots,.tg-nav-bg-round .tg-slider-bullets{height:34px}.tg-nav-bg-round .tg-search-icon,.tg-nav-bg-round .tg-search-clear,.tg-nav-bg-round .tg-sorter-order,.tg-nav-bg-round .tg-page-number,.tg-nav-bg-round .tg-left-arrow i,.tg-nav-bg-round .tg-right-arrow i{min-width:34px}.tg-nav-bg-round .tg-dropdown-item{font-weight:normal}.tg-nav-bg-round .tg-dropdown-item{text-transform:none}#grid-23094 .tg-nav-color,#grid-23094 .tg-search-icon:hover:before,#grid-23094 .tg-search-icon:hover input,#grid-23094 .tg-disabled:hover .tg-icon-left-arrow,#grid-23094 .tg-disabled:hover .tg-icon-right-arrow,#grid-23094 .tg-dropdown-title.tg-nav-color:hover{color:#444444}#grid-23094 input.tg-search:hover{color:#444444 !important}#grid-23094 input.tg-search::-webkit-input-placeholder{color:#444444}#grid-23094 input.tg-search::-moz-placeholder{color:#444444;opacity:1}#grid-23094 input.tg-search:-ms-input-placeholder{color:#444444}.grid-23094 .tg-dropdown-item{color:#777777;background:#ffffff}.grid-23094 .tg-filter-active,.grid-23094 .tg-dropdown-item:hover{color:#ffffff;background:#2fbfc1}#grid-23094 .tg-slider-bullets li.tg-active-item span{background:#59585b}#grid-23094 .tg-slider-bullets li span{background:#DDDDDD}#grid-23094 .tg-grid-area-bottom2{padding-top:40px;text-align:center}.lome a,.lome a:active,.lome a:focus,.lome .tg-cats-holder,.lome .tg-item-title{text-decoration:none;border:none;-webkit-box-shadow:none;box-shadow:none;-webkit-transition:opacity 0.25s ease,color 0.25s ease,-webkit-transform 0.3s ease-in-out;-moz-transition:opacity 0.25s ease,color 0.25s ease,-moz-transform 0.3s ease-in-out;-ms-transition:opacity 0.25s ease,color 0.25s ease,-ms-transform 0.3s ease-in-out;-o-transition:opacity 0.25s ease,color 0.25s ease,-o-transform 0.3s ease-in-out;transition:opacity 0.25s ease,color 0.25s ease,transform 0.3s ease-in-out}.lome.tg-item{overflow:hidden}.lome .tg-center-holder{text-align:center}.lome .tg-item-content,.lome .tg-item-media-holder,.lome .tg-item-overlay{position:absolute;display:block;top:0;left:0;bottom:0;right:0}.lome:hover .tg-item-overlay{opacity:0.1}.lome .tg-item-content{margin:22px}.lome .tg-item-link{position:absolute;display:block;top:-500%;left:-22px;right:-22px;height:1000%}.lome .tg-item-title,.lome .tg-item-title a{position:relative;display:block;font-size:20px;line-height:26px;font-weight:600;margin:0 !important;padding:0 !important;text-transform:uppercase}.tg-layout-justified .lome .tg-item-title,.tg-layout-justified .lome .tg-item-title a{font-size:14px;line-height:18px}.lome .tg-item-title{margin:10px 0 0 0!important}.lome .tg-item-date{position:relative;display:block;font-size:14px;line-height:16px;margin:0;padding:0;font-style:italic}.tg-layout-justified .lome .tg-item-date{font-size:12px;line-height:16px}.lome .tg-media-button{position:absolute;display:block;bottom:0;right:0;width:20px;height:20px;cursor:pointer;text-align:center}.lome .tg-cats-holder a:hover,.lome .tg-media-button:hover{opacity:0.75}.lome .tg-media-button i{position:relative;display:block;width:20px;height:20px;font-size:18px;line-height:20px;cursor:pointer}.lome .tg-media-button .tg-icon-add{font-size:28px}.lome .mejs-overlay-play{display:none !important}.tg-item .tg-dark div,.tg-item .tg-dark h1,.tg-item .tg-dark h1 a,.tg-item .tg-dark h2,.tg-item .tg-dark h2 a,.tg-item .tg-dark h3,.tg-item .tg-dark h3 a,.tg-item .tg-dark h4,.tg-item .tg-dark h4 a,.tg-item .tg-dark h5,.tg-item .tg-dark h5 a,.tg-item .tg-dark h6,.tg-item .tg-dark h6 a,.tg-item .tg-dark a,.tg-item .tg-dark a.tg-link-url,.tg-item .tg-dark i,.tg-item .tg-dark .tg-media-button,.tg-item .tg-dark .tg-item-price span{color:#000000;fill:#000000;stroke:#000000;border-color:#000000}.tg-item .tg-dark p,.tg-item .tg-dark ol,.tg-item .tg-dark ul,.tg-item .tg-dark li{color:#777777;fill:#777777;stroke:#777777;border-color:#777777}.tg-item .tg-dark span,.tg-item .tg-dark .no-liked .to-heart-icon path,.tg-item .tg-dark .empty-heart .to-heart-icon path,.tg-item .tg-dark .tg-item-comment i,.tg-item .tg-dark .tg-item-price del span{color:#999999;fill:#999999;stroke:#999999;border-color:#999999}.tg-item .tg-light div,.tg-item .tg-light h1,.tg-item .tg-light h1 a,.tg-item .tg-light h2,.tg-item .tg-light h2 a,.tg-item .tg-light h3,.tg-item .tg-light h3 a,.tg-item .tg-light h4,.tg-item .tg-light h4 a,.tg-item .tg-light h5,.tg-item .tg-light h5 a,.tg-item .tg-light h6,.tg-item .tg-light h6 a,.tg-item .tg-light a,.tg-item .tg-light a.tg-link-url,.tg-item .tg-light i,.tg-item .tg-light .tg-media-button,.tg-item .tg-light .tg-item-price span{color:#ffffff;fill:#ffffff;stroke:#ffffff;border-color:#ffffff}.tg-item .tg-light p,.tg-item .tg-light ol,.tg-item .tg-light ul,.tg-item .tg-light li{color:#ffffff;fill:#ffffff;stroke:#ffffff;border-color:#ffffff}.tg-item .tg-light span,.tg-item .tg-light .no-liked .to-heart-icon path,.tg-item .tg-light .empty-heart .to-heart-icon path,.tg-item .tg-light .tg-item-comment i,.tg-item .tg-light .tg-item-price del span{color:#f6f6f6;fill:#f6f6f6;stroke:#f6f6f6;border-color:#f6f6f6}#grid-23094 .tg-item-content-holder{background-color:#ffffff}#grid-23094 .tg-item-overlay{background-color:rgba(0,0,0,0.85)}<\/style><!-- The Grid Item Sizer --><div class=\"tg-grid-sizer\"><\/div><!-- The Grid Gutter Sizer --><div class=\"tg-gutter-sizer\"><\/div><!-- The Grid Items Holder --><div class=\"tg-grid-holder tg-layout-grid\"  data-name=\"dokumenti\"  data-style=\"grid\" data-row=\"1\" data-layout=\"vertical\" data-rtl=\"\" data-fitrows=\"\" data-filtercomb=\"\" data-filterlogic=\"AND\" data-filterload =\"\" data-sortbyload =\"date\" data-orderload =\"false\" data-fullwidth=\"\" data-fullheight=\"null\" data-gutters=\"[[320,10],[480,10],[690,10],[1000,10],[1300,10],[9999,10]]\" data-slider='{\"itemNav\":\"null\",\"swingSpeed\":0.1,\"cycleBy\":\"null\",\"cycle\":5000,\"startAt\":1}' data-ratio=\"1.33\" data-cols=\"[[320,1],[480,1],[690,2],[1000,2],[1300,3],[9999,3]]\" data-rows=\"[[320,200],[480,200],[690,220],[1000,220],[1300,240],[9999,10]]\" data-animation='{&quot;name&quot;:&quot;From Right Flip Y&quot;,&quot;visible&quot;:&quot;perspective(2000px) translateY(0) rotate3d(0,1,0,0deg) scale(1)&quot;,&quot;hidden&quot;:&quot;translateX(100px) rotate3d(0,1,0,90deg) scale(0.8)&quot;}' data-transition=\"700ms\" data-ajaxmethod=\"load_more\" data-ajaxdelay=\"100\" data-preloader=\"1\" data-itemdelay=\"100\" data-gallery=\"\" data-ajax=\"\"><!-- The Grid item #1 --><article class=\"tg-item tg-post-23088 lome f55 tg-item-reveal\" data-id=\"23088\" data-date=\"1715547901\" data-row=\"1\" data-col=\"1\"><div class=\"tg-item-inner\"><div class=\"tg-item-media-holder tg-light\"><div class=\"tg-item-media-inner\"><div class=\"tg-item-image\" style=\"background-image: url(https:\/\/fbihszp.its.ba\/wp-content\/uploads\/2024\/05\/Obezbedjenje-lica-2.jpg)\"><\/div><\/div><div class=\"tg-item-overlay\"><\/div><div class=\"tg-item-content\"><div class=\"tg-center-holder\"><div class=\"tg-center-inner\"><a class=\"tg-item-link\" href=\"https:\/\/fbihszp.its.ba\/en\/23088\" target=\"_self\"><\/a><span class=\"tg-item-date\">May 12, 2024<\/span><h2 class=\"tg-item-title\"><a href=\"https:\/\/fbihszp.its.ba\/en\/23088\" target=\"_self\">Uredba o postupku nabavke robe, vr\u0161enju usluga I ustupanju radova (\u201cSlu\u017ebene novine Federacije BiH\u201d 40\/03).<\/a><\/h2><\/div><\/div><\/div><\/div><\/div><\/article><!-- The Grid item #2 --><article class=\"tg-item tg-post-23078 lome f55 f49 tg-item-reveal\" data-id=\"23078\" data-date=\"1715511239\" data-row=\"1\" data-col=\"1\"><div class=\"tg-item-inner\"><div class=\"tg-item-media-holder tg-light\"><div class=\"tg-item-media-inner\"><div class=\"tg-item-image\" style=\"background-image: url(https:\/\/fbihszp.its.ba\/wp-content\/uploads\/2024\/05\/dccc.jpg)\"><\/div><\/div><div class=\"tg-item-overlay\"><\/div><div class=\"tg-item-content\"><div class=\"tg-center-holder\"><div class=\"tg-center-inner\"><a class=\"tg-item-link\" href=\"https:\/\/fbihszp.its.ba\/en\/23078\" target=\"_self\"><\/a><span class=\"tg-item-date\">May 12, 2024<\/span><h2 class=\"tg-item-title\"><a href=\"https:\/\/fbihszp.its.ba\/en\/23078\" target=\"_self\">Zakon o dr\u017eavnoj slu\u017ebi u federaciji BiH (&#8220;Slu\u017ebene novine Federacije BiH&#8221;, broj 29\/03).<\/a><\/h2><\/div><\/div><\/div><\/div><\/div><\/article><!-- The Grid item #3 --><article class=\"tg-item tg-post-23082 lome f55 f49 tg-item-reveal\" data-id=\"23082\" data-date=\"1694516439\" data-row=\"1\" data-col=\"1\"><div class=\"tg-item-inner\"><div class=\"tg-item-media-holder tg-light\"><div class=\"tg-item-media-inner\"><div class=\"tg-item-image\" style=\"background-image: url(https:\/\/fbihszp.its.ba\/wp-content\/uploads\/2024\/05\/dccc.jpg)\"><\/div><\/div><div class=\"tg-item-overlay\"><\/div><div class=\"tg-item-content\"><div class=\"tg-center-holder\"><div class=\"tg-center-inner\"><a class=\"tg-item-link\" href=\"https:\/\/fbihszp.its.ba\/en\/23082\" target=\"_self\"><\/a><span class=\"tg-item-date\">September 12, 2023<\/span><h2 class=\"tg-item-title\"><a href=\"https:\/\/fbihszp.its.ba\/en\/23082\" target=\"_self\">Uredba o Slu\u017ebi za zajednicke polove organa i tijela Federacije BiH (&#8220;Slu\u017ebene novine Federacije BiH&#8221;, broj 9\/23).<\/a><\/h2><\/div><\/div><\/div><\/div><\/div><\/article><!-- The Grid item #4 --><article class=\"tg-item tg-post-23073 lome f55 tg-item-reveal\" data-id=\"23073\" data-date=\"1084358883\" data-row=\"1\" data-col=\"1\"><div class=\"tg-item-inner\"><div class=\"tg-item-media-holder tg-light\"><div class=\"tg-item-media-inner\"><div class=\"tg-item-image\" style=\"background-image: url(https:\/\/fbihszp.its.ba\/wp-content\/uploads\/2024\/05\/dccc.jpg)\"><\/div><\/div><div class=\"tg-item-overlay\"><\/div><div class=\"tg-item-content\"><div class=\"tg-center-holder\"><div class=\"tg-center-inner\"><a class=\"tg-item-link\" href=\"https:\/\/fbihszp.its.ba\/en\/23073\" target=\"_self\"><\/a><span class=\"tg-item-date\">May 12, 2004<\/span><h2 class=\"tg-item-title\"><a href=\"https:\/\/fbihszp.its.ba\/en\/23073\" target=\"_self\">Zakon o upravi u Federaciji Bosne i Hercegovine (&#8220;Slu\u017eene novine Federacije BiH&#8221;, broj 28\/97).<\/a><\/h2><\/div><\/div><\/div><\/div><\/div><\/article><!-- The Grid item #5 --><article class=\"tg-item tg-post-23066 lome f55 tg-item-reveal\" data-id=\"23066\" data-date=\"1084356899\" data-row=\"1\" data-col=\"1\"><div class=\"tg-item-inner\"><div class=\"tg-item-media-holder tg-light\"><div class=\"tg-item-media-inner\"><div class=\"tg-item-image\" style=\"background-image: url(https:\/\/fbihszp.its.ba\/wp-content\/uploads\/2024\/05\/dccc.jpg)\"><\/div><\/div><div class=\"tg-item-overlay\"><\/div><div class=\"tg-item-content\"><div class=\"tg-center-holder\"><div class=\"tg-center-inner\"><a class=\"tg-item-link\" href=\"https:\/\/fbihszp.its.ba\/en\/23066\" target=\"_self\"><\/a><span class=\"tg-item-date\">May 12, 2004<\/span><h2 class=\"tg-item-title\"><a href=\"https:\/\/fbihszp.its.ba\/en\/23066\" target=\"_self\">Zakon o dr\u017eavnoj slu\u017ebi u federaciji BiH (&#8220;Slu\u017ebene novine Federacije BiH&#8221;, broj 29\/03).<\/a><\/h2><\/div><\/div><\/div><\/div><\/div><\/article><!-- The Grid item #6 --><article class=\"tg-item tg-post-23075 lome f55 tg-item-reveal\" data-id=\"23075\" data-date=\"1052736623\" data-row=\"1\" data-col=\"1\"><div class=\"tg-item-inner\"><div class=\"tg-item-media-holder tg-light\"><div class=\"tg-item-media-inner\"><div class=\"tg-item-image\" style=\"background-image: url(https:\/\/fbihszp.its.ba\/wp-content\/uploads\/2024\/05\/dccc.jpg)\"><\/div><\/div><div class=\"tg-item-overlay\"><\/div><div class=\"tg-item-content\"><div class=\"tg-center-holder\"><div class=\"tg-center-inner\"><a class=\"tg-item-link\" href=\"https:\/\/fbihszp.its.ba\/en\/23075\" target=\"_self\"><\/a><span class=\"tg-item-date\">May 12, 2003<\/span><h2 class=\"tg-item-title\"><a href=\"https:\/\/fbihszp.its.ba\/en\/23075\" target=\"_self\">Zakon o radnim odnosima i pla\u010dama slu\u017ebenika organa uprave u Federaciji Bosne i Hercegovine (&#8220;Slu\u017ebene novine Federacije BiH&#8221;, broj 13\/98).<\/a><\/h2><\/div><\/div><\/div><\/div><\/div><\/article><\/div><div class=\"tg-grid-preloader\"><style class=\"tg-grid-preloader-styles\" type=\"text\/css\">@-webkit-keyframes square-grid-pulse{0%{-webkit-transform:scale(1);transform:scale(1)}50%{-webkit-transform:scale(.5);transform:scale(.5);opacity:.7}100%{-webkit-transform:scale(1);transform:scale(1);opacity:1}}@keyframes square-grid-pulse{0%{-webkit-transform:scale(1);transform:scale(1)}50%{-webkit-transform:scale(.5);transform:scale(.5);opacity:.7}100%{-webkit-transform:scale(1);transform:scale(1);opacity:1}}.square-grid-pulse{width:57px}.square-grid-pulse>div:nth-child(1){-webkit-animation-delay:.73s;animation-delay:.73s;-webkit-animation-duration:1.3s;animation-duration:1.3s}.square-grid-pulse>div:nth-child(2){-webkit-animation-delay:.32s;animation-delay:.32s;-webkit-animation-duration:1.3s;animation-duration:1.3s}.square-grid-pulse>div:nth-child(3){-webkit-animation-delay:.71s;animation-delay:.71s;-webkit-animation-duration:.88s;animation-duration:.88s}.square-grid-pulse>div:nth-child(4){-webkit-animation-delay:.62s;animation-delay:.62s;-webkit-animation-duration:1.06s;animation-duration:1.06s}.square-grid-pulse>div:nth-child(5){-webkit-animation-delay:.31s;animation-delay:.31s;-webkit-animation-duration:.62s;animation-duration:.62s}.square-grid-pulse>div:nth-child(6){-webkit-animation-delay:-.14s;animation-delay:-.14s;-webkit-animation-duration:1.48s;animation-duration:1.48s}.square-grid-pulse>div:nth-child(7){-webkit-animation-delay:-.1s;animation-delay:-.1s;-webkit-animation-duration:1.47s;animation-duration:1.47s}.square-grid-pulse>div:nth-child(8){-webkit-animation-delay:.4s;animation-delay:.4s;-webkit-animation-duration:1.49s;animation-duration:1.49s}.square-grid-pulse>div:nth-child(9){-webkit-animation-delay:.73s;animation-delay:.73s;-webkit-animation-duration:.7s;animation-duration:.7s}.square-grid-pulse>div{display:inline-block;float:left;width:15px;height:15px;margin:2px;-webkit-animation-fill-mode:both;animation-fill-mode:both;-webkit-animation-name:square-grid-pulse;animation-name:square-grid-pulse;-webkit-animation-iteration-count:infinite;animation-iteration-count:infinite;-webkit-animation-delay:0;animation-delay:0}#grid-23094 .tg-grid-preloader-inner>div{background:#e8c020}#grid-23094 .tg-grid-preloader-scale{transform:scale(1)}<\/style><div class=\"tg-grid-preloader-holder\"><div class=\"tg-grid-preloader-scale\"><div class=\"tg-grid-preloader-inner square-grid-pulse\"><div><\/div><div><\/div><div><\/div><div><\/div><div><\/div><div><\/div><div><\/div><div><\/div><div><\/div><\/div><\/div><\/div><\/div><\/div><!-- The Grid Wrapper End --><\/p>\t\t\t\t\t\t<\/div>\n\t\t\t\t<\/div>\n\t\t\t\t\t<\/div>\n\t\t\t\t<\/div>\n\t\t\t\t<\/div>","protected":false},"excerpt":{"rendered":"<p>SLU\u017dBA ZA ZAJEDNI\u010cKE POSLOVE ORGANA I TIJELA OSNOVNI DOKUMENTI KOJI REGULIRAJU RAD<\/p>","protected":false},"author":1,"featured_media":0,"parent":0,"menu_order":0,"comment_status":"closed","ping_status":"closed","template":"","meta":{"footnotes":""},"class_list":["post-2","page","type-page","status-publish","format-standard","hentry"],"_links":{"self":[{"href":"https:\/\/fbihszp.its.ba\/en\/wp-json\/wp\/v2\/pages\/2","targetHints":{"allow":["GET"]}}],"collection":[{"href":"https:\/\/fbihszp.its.ba\/en\/wp-json\/wp\/v2\/pages"}],"about":[{"href":"https:\/\/fbihszp.its.ba\/en\/wp-json\/wp\/v2\/types\/page"}],"author":[{"embeddable":true,"href":"https:\/\/fbihszp.its.ba\/en\/wp-json\/wp\/v2\/users\/1"}],"replies":[{"embeddable":true,"href":"https:\/\/fbihszp.its.ba\/en\/wp-json\/wp\/v2\/comments?post=2"}],"version-history":[{"count":88,"href":"https:\/\/fbihszp.its.ba\/en\/wp-json\/wp\/v2\/pages\/2\/revisions"}],"predecessor-version":[{"id":23176,"href":"https:\/\/fbihszp.its.ba\/en\/wp-json\/wp\/v2\/pages\/2\/revisions\/23176"}],"wp:attachment":[{"href":"https:\/\/fbihszp.its.ba\/en\/wp-json\/wp\/v2\/media?parent=2"}],"curies":[{"name":"wp","href":"https:\/\/api.w.org\/{rel}","templated":true}]}}